{"id":19251,"date":"2026-01-24T23:14:30","date_gmt":"2026-01-24T23:14:30","guid":{"rendered":"https:\/\/offroads-nation.com\/?post_type=product&#038;p=19251"},"modified":"2026-01-24T23:20:49","modified_gmt":"2026-01-24T23:20:49","slug":"yamaha-tenere-700-world-raid-xtz690sp-tenere-s-n-1000788","status":"publish","type":"product","link":"https:\/\/offroads-nation.com\/index.php\/product\/yamaha-tenere-700-world-raid-xtz690sp-tenere-s-n-1000788\/","title":{"rendered":"YAMAHA TENERE 700 WORLD RAID (XTZ690SP) TENERE S\/N 1000788"},"content":{"rendered":"<p>Experience the ultimate in customer care at Work Rest Play Here! We proudly bring world-renowned brands to regional NSW, offering tailored solutions for your leisure adventures. When you choose us, you\u2019re not just making a purchase &#8211; you\u2019re gaining peace of mind and exclusive benefits:<\/p>\n<p>\u2022 Expert Maintenance: Rest assured, all work is carried out by factory-trained technicians.<br \/>\n\u2022 Mates Rates for Life: Enjoy ongoing savings and special offers exclusively for our valued customers.<br \/>\n\u2022 Live Video Demonstrations: See your product in action with convenient, real-time video demonstrations before you purchase.<br \/>\n\u2022 Personalised Product Handover: Our brand specialists provide a detailed, one-on-one handover to ensure your confidence, safety, and maximum enjoyment of your purchase.<br \/>\n\u2022 Nationwide Delivery: We can assist with delivery, straight to your door, anywhere in Australia after handover.<\/p>\n<p>Discover why Work Rest Play Here is the trusted choice for leisure enthusiasts across the region!<\/p>\n<p>This is the ultimate long distance Yamaha adventure bike designed to offer a whole new horizon to everyone who has the spirit of adventure within their soul.<\/p>\n<p>Equipped with high capacity dual fuel tanks and featuring the most advanced specification that includes state-of-the-art suspension for added confidence and comfort, improved ergonomics, rally-inspired styling and multi-mode instruments with incoming call and text message notifications, the T\u00e9n\u00e9r\u00e9 700 World Raid is a motorcycle that can make the world seem a much smaller place.<\/p>\n<p><strong>SPECIFICATIONS<\/strong>:<\/p>\n<p>\u2022 Engine Type: Liquid-cooled, 4-stroke, DOHC, 4 valve, 2-cylinder<br \/>\n\u2022 Displacement (cc): 689.0<br \/>\n\u2022 Bore x Stroke (mm): 80.0 x 68.6<br \/>\n\u2022 Compression Ratio: 11.5 : 1<br \/>\n\u2022 Lubrication System: Wet Sump<br \/>\n\u2022 Fuel ManagementvFuel Injection<br \/>\n\u2022 Ignition: TCI<br \/>\n\u2022 Starter System: Electric<br \/>\n\u2022 Fuel Tank Capacity (L): 23.0<br \/>\n\u2022 Final Transmission: Chain<br \/>\n\u2022 Transmission: Constant mesh 6-speed<br \/>\n\u2022 Frame Type: Double cradle steel tube<br \/>\n\u2022 Suspension Front: Upside down telescopic fork, 230mm travel<br \/>\n\u2022 Suspension Rear: Swingarm (link suspension), 220mm travel<br \/>\n\u2022 Brakes Front: Hydraulic dual discs, 282mm, ABS<br \/>\n\u2022 Brakes Rear: Hydraulic single disc 245mm, ABS<br \/>\n\u2022 Tyres Front: 90\/90 R21 M\/C 54V<br \/>\n\u2022 Tyres Rear: 150\/70 R18 M\/C 70V<br \/>\n\u2022 Length (mm): 2370<br \/>\n\u2022 Width (mm): 905<br \/>\n\u2022 Height (mm): 1490<br \/>\n\u2022 Seat Height (mm): 890<br \/>\n\u2022 Wheelbase (mm): 1595<br \/>\n\u2022 Ground Clearance (mm): 250<br \/>\n\u2022 Wet Weight (kg): 220<\/p>\n","protected":false},"excerpt":{"rendered":"<h4>Details<\/h4>\n<div class=\"vehicle-detail-body veh-class-BIKE\">\n<table class=\"product-attribute table\">\n<tbody>\n<tr>\n<th>Stock #<\/th>\n<td><b>1000788<\/b><\/td>\n<\/tr>\n<tr>\n<th>Displacement<\/th>\n<td><b>689 cc<\/b><\/td>\n<\/tr>\n<tr>\n<th>Transmission<\/th>\n<td><b>6 Speed Manual<\/b><\/td>\n<\/tr>\n<\/tbody>\n<\/table>\n<\/div>\n","protected":false},"featured_media":19254,"comment_status":"open","ping_status":"closed","template":"","meta":{"_monsterinsights_skip_tracking":false,"_monsterinsights_sitenote_active":false,"_monsterinsights_sitenote_note":"","_monsterinsights_sitenote_category":0},"product_brand":[],"product_cat":[136],"product_tag":[],"class_list":{"0":"post-19251","1":"product","2":"type-product","3":"status-publish","4":"has-post-thumbnail","6":"product_cat-adventure","8":"first","9":"instock","10":"shipping-taxable","11":"purchasable","12":"product-type-simple"},"yoast_head":"<!-- This site is optimized with the Yoast SEO plugin v26.9 - https:\/\/yoast.com\/product\/yoast-seo-wordpress\/ -->\n<title>YAMAHA TENERE 700 WORLD RAID (XTZ690SP) TENERE S\/N 1000788 - YAMAHA MOTORS<\/title>\n<meta name=\"description\" content=\"\u2022 Brakes Rear: Hydraulic single disc 245mm, ABS\u2022 Tyres Front: 90\/90 R21 M\/C 54V\u2022 Tyres Rear: 150\/70 R18 M\/C 70V\u2022 Length (mm): 2370\u2022 Width (mm): 905\u2022 Height (mm): 1490\u2022 Seat Height (mm): 890\u2022 Wheelbase (mm): 1595\u2022 Ground Clearance (mm): 250\u2022 Wet Weight (kg): 220\" \/>\n<meta name=\"robots\" content=\"index, follow, max-snippet:-1, max-image-preview:large, max-video-preview:-1\" \/>\n<link rel=\"canonical\" href=\"https:\/\/offroads-nation.com\/index.php\/product\/yamaha-tenere-700-world-raid-xtz690sp-tenere-s-n-1000788\/\" \/>\n<meta property=\"og:locale\" content=\"en_US\" \/>\n<meta property=\"og:type\" content=\"article\" \/>\n<meta property=\"og:title\" content=\"YAMAHA TENERE 700 WORLD RAID (XTZ690SP) TENERE S\/N 1000788 - YAMAHA MOTORS\" \/>\n<meta property=\"og:description\" content=\"\u2022 Brakes Rear: Hydraulic single disc 245mm, ABS\u2022 Tyres Front: 90\/90 R21 M\/C 54V\u2022 Tyres Rear: 150\/70 R18 M\/C 70V\u2022 Length (mm): 2370\u2022 Width (mm): 905\u2022 Height (mm): 1490\u2022 Seat Height (mm): 890\u2022 Wheelbase (mm): 1595\u2022 Ground Clearance (mm): 250\u2022 Wet Weight (kg): 220\" \/>\n<meta property=\"og:url\" content=\"https:\/\/offroads-nation.com\/index.php\/product\/yamaha-tenere-700-world-raid-xtz690sp-tenere-s-n-1000788\/\" \/>\n<meta property=\"og:site_name\" content=\"YAMAHA MOTORS\" \/>\n<meta property=\"article:modified_time\" content=\"2026-01-24T23:20:49+00:00\" \/>\n<meta property=\"og:image\" content=\"https:\/\/offroads-nation.com\/wp-content\/uploads\/2026\/01\/29578810.jpg\" \/>\n\t<meta property=\"og:image:width\" content=\"1024\" \/>\n\t<meta property=\"og:image:height\" content=\"768\" \/>\n\t<meta property=\"og:image:type\" content=\"image\/jpeg\" \/>\n<meta name=\"twitter:card\" content=\"summary_large_image\" \/>\n<meta name=\"twitter:label1\" content=\"Est. reading time\" \/>\n\t<meta name=\"twitter:data1\" content=\"2 minutes\" \/>\n<script type=\"application\/ld+json\" class=\"yoast-schema-graph\">{\"@context\":\"https:\/\/schema.org\",\"@graph\":[{\"@type\":\"WebPage\",\"@id\":\"https:\/\/offroads-nation.com\/index.php\/product\/yamaha-tenere-700-world-raid-xtz690sp-tenere-s-n-1000788\/\",\"url\":\"https:\/\/offroads-nation.com\/index.php\/product\/yamaha-tenere-700-world-raid-xtz690sp-tenere-s-n-1000788\/\",\"name\":\"YAMAHA TENERE 700 WORLD RAID (XTZ690SP) TENERE S\/N 1000788 - YAMAHA MOTORS\",\"isPartOf\":{\"@id\":\"https:\/\/offroads-nation.com\/#website\"},\"primaryImageOfPage\":{\"@id\":\"https:\/\/offroads-nation.com\/index.php\/product\/yamaha-tenere-700-world-raid-xtz690sp-tenere-s-n-1000788\/#primaryimage\"},\"image\":{\"@id\":\"https:\/\/offroads-nation.com\/index.php\/product\/yamaha-tenere-700-world-raid-xtz690sp-tenere-s-n-1000788\/#primaryimage\"},\"thumbnailUrl\":\"https:\/\/offroads-nation.com\/wp-content\/uploads\/2026\/01\/29578810.jpg\",\"datePublished\":\"2026-01-24T23:14:30+00:00\",\"dateModified\":\"2026-01-24T23:20:49+00:00\",\"description\":\"\u2022 Brakes Rear: Hydraulic single disc 245mm, ABS\u2022 Tyres Front: 90\/90 R21 M\/C 54V\u2022 Tyres Rear: 150\/70 R18 M\/C 70V\u2022 Length (mm): 2370\u2022 Width (mm): 905\u2022 Height (mm): 1490\u2022 Seat Height (mm): 890\u2022 Wheelbase (mm): 1595\u2022 Ground Clearance (mm): 250\u2022 Wet Weight (kg): 220\",\"breadcrumb\":{\"@id\":\"https:\/\/offroads-nation.com\/index.php\/product\/yamaha-tenere-700-world-raid-xtz690sp-tenere-s-n-1000788\/#breadcrumb\"},\"inLanguage\":\"en-US\",\"potentialAction\":[{\"@type\":\"ReadAction\",\"target\":[\"https:\/\/offroads-nation.com\/index.php\/product\/yamaha-tenere-700-world-raid-xtz690sp-tenere-s-n-1000788\/\"]}]},{\"@type\":\"ImageObject\",\"inLanguage\":\"en-US\",\"@id\":\"https:\/\/offroads-nation.com\/index.php\/product\/yamaha-tenere-700-world-raid-xtz690sp-tenere-s-n-1000788\/#primaryimage\",\"url\":\"https:\/\/offroads-nation.com\/wp-content\/uploads\/2026\/01\/29578810.jpg\",\"contentUrl\":\"https:\/\/offroads-nation.com\/wp-content\/uploads\/2026\/01\/29578810.jpg\",\"width\":1024,\"height\":768},{\"@type\":\"BreadcrumbList\",\"@id\":\"https:\/\/offroads-nation.com\/index.php\/product\/yamaha-tenere-700-world-raid-xtz690sp-tenere-s-n-1000788\/#breadcrumb\",\"itemListElement\":[{\"@type\":\"ListItem\",\"position\":1,\"name\":\"Home\",\"item\":\"https:\/\/offroads-nation.com\/\"},{\"@type\":\"ListItem\",\"position\":2,\"name\":\"Shop\",\"item\":\"https:\/\/offroads-nation.com\/index.php\/shop\/\"},{\"@type\":\"ListItem\",\"position\":3,\"name\":\"YAMAHA TENERE 700 WORLD RAID (XTZ690SP) TENERE S\/N 1000788\"}]},{\"@type\":\"WebSite\",\"@id\":\"https:\/\/offroads-nation.com\/#website\",\"url\":\"https:\/\/offroads-nation.com\/\",\"name\":\"YAMAHA MOTORS\",\"description\":\"Powersports ATV, SXS &amp; SSV\",\"publisher\":{\"@id\":\"https:\/\/offroads-nation.com\/#organization\"},\"potentialAction\":[{\"@type\":\"SearchAction\",\"target\":{\"@type\":\"EntryPoint\",\"urlTemplate\":\"https:\/\/offroads-nation.com\/?s={search_term_string}\"},\"query-input\":{\"@type\":\"PropertyValueSpecification\",\"valueRequired\":true,\"valueName\":\"search_term_string\"}}],\"inLanguage\":\"en-US\"},{\"@type\":\"Organization\",\"@id\":\"https:\/\/offroads-nation.com\/#organization\",\"name\":\"YAMAHA MOTORS\",\"url\":\"https:\/\/offroads-nation.com\/\",\"logo\":{\"@type\":\"ImageObject\",\"inLanguage\":\"en-US\",\"@id\":\"https:\/\/offroads-nation.com\/#\/schema\/logo\/image\/\",\"url\":\"https:\/\/offroads-nation.com\/wp-content\/uploads\/2026\/03\/Heading-2.png\",\"contentUrl\":\"https:\/\/offroads-nation.com\/wp-content\/uploads\/2026\/03\/Heading-2.png\",\"width\":310,\"height\":44,\"caption\":\"YAMAHA MOTORS\"},\"image\":{\"@id\":\"https:\/\/offroads-nation.com\/#\/schema\/logo\/image\/\"}}]}<\/script>\n<!-- \/ Yoast SEO plugin. -->","yoast_head_json":{"title":"YAMAHA TENERE 700 WORLD RAID (XTZ690SP) TENERE S\/N 1000788 - YAMAHA MOTORS","description":"\u2022 Brakes Rear: Hydraulic single disc 245mm, ABS\u2022 Tyres Front: 90\/90 R21 M\/C 54V\u2022 Tyres Rear: 150\/70 R18 M\/C 70V\u2022 Length (mm): 2370\u2022 Width (mm): 905\u2022 Height (mm): 1490\u2022 Seat Height (mm): 890\u2022 Wheelbase (mm): 1595\u2022 Ground Clearance (mm): 250\u2022 Wet Weight (kg): 220","robots":{"index":"index","follow":"follow","max-snippet":"max-snippet:-1","max-image-preview":"max-image-preview:large","max-video-preview":"max-video-preview:-1"},"canonical":"https:\/\/offroads-nation.com\/index.php\/product\/yamaha-tenere-700-world-raid-xtz690sp-tenere-s-n-1000788\/","og_locale":"en_US","og_type":"article","og_title":"YAMAHA TENERE 700 WORLD RAID (XTZ690SP) TENERE S\/N 1000788 - YAMAHA MOTORS","og_description":"\u2022 Brakes Rear: Hydraulic single disc 245mm, ABS\u2022 Tyres Front: 90\/90 R21 M\/C 54V\u2022 Tyres Rear: 150\/70 R18 M\/C 70V\u2022 Length (mm): 2370\u2022 Width (mm): 905\u2022 Height (mm): 1490\u2022 Seat Height (mm): 890\u2022 Wheelbase (mm): 1595\u2022 Ground Clearance (mm): 250\u2022 Wet Weight (kg): 220","og_url":"https:\/\/offroads-nation.com\/index.php\/product\/yamaha-tenere-700-world-raid-xtz690sp-tenere-s-n-1000788\/","og_site_name":"YAMAHA MOTORS","article_modified_time":"2026-01-24T23:20:49+00:00","og_image":[{"width":1024,"height":768,"url":"https:\/\/offroads-nation.com\/wp-content\/uploads\/2026\/01\/29578810.jpg","type":"image\/jpeg"}],"twitter_card":"summary_large_image","twitter_misc":{"Est. reading time":"2 minutes"},"schema":{"@context":"https:\/\/schema.org","@graph":[{"@type":"WebPage","@id":"https:\/\/offroads-nation.com\/index.php\/product\/yamaha-tenere-700-world-raid-xtz690sp-tenere-s-n-1000788\/","url":"https:\/\/offroads-nation.com\/index.php\/product\/yamaha-tenere-700-world-raid-xtz690sp-tenere-s-n-1000788\/","name":"YAMAHA TENERE 700 WORLD RAID (XTZ690SP) TENERE S\/N 1000788 - YAMAHA MOTORS","isPartOf":{"@id":"https:\/\/offroads-nation.com\/#website"},"primaryImageOfPage":{"@id":"https:\/\/offroads-nation.com\/index.php\/product\/yamaha-tenere-700-world-raid-xtz690sp-tenere-s-n-1000788\/#primaryimage"},"image":{"@id":"https:\/\/offroads-nation.com\/index.php\/product\/yamaha-tenere-700-world-raid-xtz690sp-tenere-s-n-1000788\/#primaryimage"},"thumbnailUrl":"https:\/\/offroads-nation.com\/wp-content\/uploads\/2026\/01\/29578810.jpg","datePublished":"2026-01-24T23:14:30+00:00","dateModified":"2026-01-24T23:20:49+00:00","description":"\u2022 Brakes Rear: Hydraulic single disc 245mm, ABS\u2022 Tyres Front: 90\/90 R21 M\/C 54V\u2022 Tyres Rear: 150\/70 R18 M\/C 70V\u2022 Length (mm): 2370\u2022 Width (mm): 905\u2022 Height (mm): 1490\u2022 Seat Height (mm): 890\u2022 Wheelbase (mm): 1595\u2022 Ground Clearance (mm): 250\u2022 Wet Weight (kg): 220","breadcrumb":{"@id":"https:\/\/offroads-nation.com\/index.php\/product\/yamaha-tenere-700-world-raid-xtz690sp-tenere-s-n-1000788\/#breadcrumb"},"inLanguage":"en-US","potentialAction":[{"@type":"ReadAction","target":["https:\/\/offroads-nation.com\/index.php\/product\/yamaha-tenere-700-world-raid-xtz690sp-tenere-s-n-1000788\/"]}]},{"@type":"ImageObject","inLanguage":"en-US","@id":"https:\/\/offroads-nation.com\/index.php\/product\/yamaha-tenere-700-world-raid-xtz690sp-tenere-s-n-1000788\/#primaryimage","url":"https:\/\/offroads-nation.com\/wp-content\/uploads\/2026\/01\/29578810.jpg","contentUrl":"https:\/\/offroads-nation.com\/wp-content\/uploads\/2026\/01\/29578810.jpg","width":1024,"height":768},{"@type":"BreadcrumbList","@id":"https:\/\/offroads-nation.com\/index.php\/product\/yamaha-tenere-700-world-raid-xtz690sp-tenere-s-n-1000788\/#breadcrumb","itemListElement":[{"@type":"ListItem","position":1,"name":"Home","item":"https:\/\/offroads-nation.com\/"},{"@type":"ListItem","position":2,"name":"Shop","item":"https:\/\/offroads-nation.com\/index.php\/shop\/"},{"@type":"ListItem","position":3,"name":"YAMAHA TENERE 700 WORLD RAID (XTZ690SP) TENERE S\/N 1000788"}]},{"@type":"WebSite","@id":"https:\/\/offroads-nation.com\/#website","url":"https:\/\/offroads-nation.com\/","name":"YAMAHA MOTORS","description":"Powersports ATV, SXS &amp; SSV","publisher":{"@id":"https:\/\/offroads-nation.com\/#organization"},"potentialAction":[{"@type":"SearchAction","target":{"@type":"EntryPoint","urlTemplate":"https:\/\/offroads-nation.com\/?s={search_term_string}"},"query-input":{"@type":"PropertyValueSpecification","valueRequired":true,"valueName":"search_term_string"}}],"inLanguage":"en-US"},{"@type":"Organization","@id":"https:\/\/offroads-nation.com\/#organization","name":"YAMAHA MOTORS","url":"https:\/\/offroads-nation.com\/","logo":{"@type":"ImageObject","inLanguage":"en-US","@id":"https:\/\/offroads-nation.com\/#\/schema\/logo\/image\/","url":"https:\/\/offroads-nation.com\/wp-content\/uploads\/2026\/03\/Heading-2.png","contentUrl":"https:\/\/offroads-nation.com\/wp-content\/uploads\/2026\/03\/Heading-2.png","width":310,"height":44,"caption":"YAMAHA MOTORS"},"image":{"@id":"https:\/\/offroads-nation.com\/#\/schema\/logo\/image\/"}}]}},"_links":{"self":[{"href":"https:\/\/offroads-nation.com\/index.php\/wp-json\/wp\/v2\/product\/19251","targetHints":{"allow":["GET"]}}],"collection":[{"href":"https:\/\/offroads-nation.com\/index.php\/wp-json\/wp\/v2\/product"}],"about":[{"href":"https:\/\/offroads-nation.com\/index.php\/wp-json\/wp\/v2\/types\/product"}],"replies":[{"embeddable":true,"href":"https:\/\/offroads-nation.com\/index.php\/wp-json\/wp\/v2\/comments?post=19251"}],"wp:featuredmedia":[{"embeddable":true,"href":"https:\/\/offroads-nation.com\/index.php\/wp-json\/wp\/v2\/media\/19254"}],"wp:attachment":[{"href":"https:\/\/offroads-nation.com\/index.php\/wp-json\/wp\/v2\/media?parent=19251"}],"wp:term":[{"taxonomy":"product_brand","embeddable":true,"href":"https:\/\/offroads-nation.com\/index.php\/wp-json\/wp\/v2\/product_brand?post=19251"},{"taxonomy":"product_cat","embeddable":true,"href":"https:\/\/offroads-nation.com\/index.php\/wp-json\/wp\/v2\/product_cat?post=19251"},{"taxonomy":"product_tag","embeddable":true,"href":"https:\/\/offroads-nation.com\/index.php\/wp-json\/wp\/v2\/product_tag?post=19251"}],"curies":[{"name":"wp","href":"https:\/\/api.w.org\/{rel}","templated":true}]}}